{"id":172,"date":"2013-04-12T13:32:36","date_gmt":"2013-04-12T12:32:36","guid":{"rendered":"http:\/\/www.viramundo-film.com\/?page_id=172"},"modified":"2013-04-19T22:44:25","modified_gmt":"2013-04-19T21:44:25","slug":"in-brazil-bahia","status":"publish","type":"page","link":"https:\/\/www.viramundo-film.com\/en\/film\/in-brazil-bahia\/","title":{"rendered":"In Brazil, Bahia"},"content":{"rendered":"<p><strong><span class=\"Apple-style-span\" style=\"font-weight: normal;\"><strong>Gustavo Di Dalva<\/strong><\/span><\/strong><\/p>\n<p>N\u00e9 en 1980, dans une famille de musiciens. A l&#8217;\u00e2ge de sept ans, il comme \u00e0 jouer des percussions. A 15 ans, il rencontre Caetano Veloso et Gilberto Gil, qui d\u00e9cident de travailler avec lui. C&#8217;est le d\u00e9but d&#8217;une impressionnante s\u00e9rie de collaborations avec les plus grands musiciens br\u00e9siliens. Gustavo Di Dalva est le pefcussioniste officiel de Gilberto Gil depuis 1994 et l&#8217;un des rares \u00e0 conna\u00eetre tout son (vaste) r\u00e9pertoire.\u00a0<em><strong><\/strong><\/em><strong>Dans<\/strong><em><strong> Viramundo<\/strong><\/em><strong>, il est le seul musiciens \u00e0 accompagner Gil toiut au long de son p\u00e9riple.<\/strong>\u00a0<a href=\"http:\/\/www.baciasonora.com.br\/capa\/index.php\">visiter le site web<\/a><\/p>\n<p><strong>Filhos de Gandhy<\/strong><\/p>\n<p>L&#8217;<i>afox\u00e9<\/i> (groupe de carnaval) <i>Filhos de Gandhy<\/i> voit le jour en 1949. Ce nom est choisi pour rendre hommage \u00e0 Mahatma Ghandi, qui venait d&#8217;\u00eatre assassin\u00e9 en 1948. Les <i>Filhos de Gandhy<\/i>, qui se basent sur les principes de la non-violence et de la paix, d\u00e9filent en blanc et bleu au son d\u2019une musique appel\u00e9e <i>ijexa<\/i> tir\u00e9e des rites afro-br\u00e9siliens du <i>Candombl\u00e9<\/i>. Gilberto Gil a beaucoup fait pour la popularit\u00e9 de cette troupe, r\u00e9serv\u00e9e aux Noirs br\u00e9siliens, qui est aujourd\u2019hui une des institutions les plus respect\u00e9es \u00e0 Bahia. D\u2019une centaine de membres \u00e0 leur d\u00e9but en 1949, ils d\u00e9filent aujourd\u2019hui \u00e0 plus de 12\u2019000 durant le carnaval, conjuguant leur force cr\u00e9ative \u00e0 la re-signification de leur h\u00e9ritage africain.<\/p>\n<p><b>\u00a0<\/b><\/p>\n","protected":false},"excerpt":{"rendered":"<p>Gustavo Di Dalva N\u00e9 en 1980, dans une famille de musiciens. A l&#8217;\u00e2ge de sept ans, il comme \u00e0 jouer des percussions. A 15 ans, il rencontre Caetano Veloso et Gilberto Gil, qui d\u00e9cident de travailler avec lui. C&#8217;est le d\u00e9but d&#8217;une impressionnante s\u00e9rie de collaborations avec les plus grands musiciens br\u00e9siliens. Gustavo Di Dalva [&hellip;]<\/p>\n","protected":false},"author":1,"featured_media":0,"parent":25,"menu_order":2,"comment_status":"closed","ping_status":"closed","template":"","meta":{"_acf_changed":false,"_exactmetrics_skip_tracking":false,"_exactmetrics_sitenote_active":false,"_exactmetrics_sitenote_note":"","_exactmetrics_sitenote_category":0,"footnotes":""},"class_list":["post-172","page","type-page","status-publish","hentry"],"acf":[],"yoast_head":"<!-- This site is optimized with the Yoast SEO plugin v24.9 - https:\/\/yoast.com\/wordpress\/plugins\/seo\/ -->\n<title>In Brazil, Bahia - Viramundo<\/title>\n<meta name=\"robots\" content=\"index, follow, max-snippet:-1, max-image-preview:large, max-video-preview:-1\" \/>\n<link rel=\"canonical\" href=\"https:\/\/www.viramundo-film.com\/en\/film\/in-brazil-bahia\/\" \/>\n<meta property=\"og:locale\" content=\"en_US\" \/>\n<meta property=\"og:type\" content=\"article\" \/>\n<meta property=\"og:title\" content=\"In Brazil, Bahia - Viramundo\" \/>\n<meta property=\"og:description\" content=\"Gustavo Di Dalva N\u00e9 en 1980, dans une famille de musiciens. A l&#8217;\u00e2ge de sept ans, il comme \u00e0 jouer des percussions. A 15 ans, il rencontre Caetano Veloso et Gilberto Gil, qui d\u00e9cident de travailler avec lui. C&#8217;est le d\u00e9but d&#8217;une impressionnante s\u00e9rie de collaborations avec les plus grands musiciens br\u00e9siliens. Gustavo Di Dalva [&hellip;]\" \/>\n<meta property=\"og:url\" content=\"https:\/\/www.viramundo-film.com\/en\/film\/in-brazil-bahia\/\" \/>\n<meta property=\"og:site_name\" content=\"Viramundo\" \/>\n<meta property=\"article:modified_time\" content=\"2013-04-19T21:44:25+00:00\" \/>\n<meta name=\"twitter:card\" content=\"summary_large_image\" \/>\n<meta name=\"twitter:label1\" content=\"Est. reading time\" \/>\n\t<meta name=\"twitter:data1\" content=\"1 minute\" \/>\n<script type=\"application\/ld+json\" class=\"yoast-schema-graph\">{\"@context\":\"https:\/\/schema.org\",\"@graph\":[{\"@type\":\"WebPage\",\"@id\":\"https:\/\/www.viramundo-film.com\/en\/film\/in-brazil-bahia\/\",\"url\":\"https:\/\/www.viramundo-film.com\/en\/film\/in-brazil-bahia\/\",\"name\":\"In Brazil, Bahia - Viramundo\",\"isPartOf\":{\"@id\":\"https:\/\/www.viramundo-film.com\/en\/#website\"},\"datePublished\":\"2013-04-12T12:32:36+00:00\",\"dateModified\":\"2013-04-19T21:44:25+00:00\",\"breadcrumb\":{\"@id\":\"https:\/\/www.viramundo-film.com\/en\/film\/in-brazil-bahia\/#breadcrumb\"},\"inLanguage\":\"en-US\",\"potentialAction\":[{\"@type\":\"ReadAction\",\"target\":[\"https:\/\/www.viramundo-film.com\/en\/film\/in-brazil-bahia\/\"]}]},{\"@type\":\"BreadcrumbList\",\"@id\":\"https:\/\/www.viramundo-film.com\/en\/film\/in-brazil-bahia\/#breadcrumb\",\"itemListElement\":[{\"@type\":\"ListItem\",\"position\":1,\"name\":\"Accueil\",\"item\":\"https:\/\/www.viramundo-film.com\/en\/\"},{\"@type\":\"ListItem\",\"position\":2,\"name\":\"Film\",\"item\":\"https:\/\/www.viramundo-film.com\/en\/film\/\"},{\"@type\":\"ListItem\",\"position\":3,\"name\":\"In Brazil, Bahia\"}]},{\"@type\":\"WebSite\",\"@id\":\"https:\/\/www.viramundo-film.com\/en\/#website\",\"url\":\"https:\/\/www.viramundo-film.com\/en\/\",\"name\":\"Viramundo\",\"description\":\"&quot;A musical journey with Gilberto Gil&quot;\",\"potentialAction\":[{\"@type\":\"SearchAction\",\"target\":{\"@type\":\"EntryPoint\",\"urlTemplate\":\"https:\/\/www.viramundo-film.com\/en\/?s={search_term_string}\"},\"query-input\":{\"@type\":\"PropertyValueSpecification\",\"valueRequired\":true,\"valueName\":\"search_term_string\"}}],\"inLanguage\":\"en-US\"}]}<\/script>\n<!-- \/ Yoast SEO plugin. -->","yoast_head_json":{"title":"In Brazil, Bahia - Viramundo","robots":{"index":"index","follow":"follow","max-snippet":"max-snippet:-1","max-image-preview":"max-image-preview:large","max-video-preview":"max-video-preview:-1"},"canonical":"https:\/\/www.viramundo-film.com\/en\/film\/in-brazil-bahia\/","og_locale":"en_US","og_type":"article","og_title":"In Brazil, Bahia - Viramundo","og_description":"Gustavo Di Dalva N\u00e9 en 1980, dans une famille de musiciens. A l&#8217;\u00e2ge de sept ans, il comme \u00e0 jouer des percussions. A 15 ans, il rencontre Caetano Veloso et Gilberto Gil, qui d\u00e9cident de travailler avec lui. C&#8217;est le d\u00e9but d&#8217;une impressionnante s\u00e9rie de collaborations avec les plus grands musiciens br\u00e9siliens. Gustavo Di Dalva [&hellip;]","og_url":"https:\/\/www.viramundo-film.com\/en\/film\/in-brazil-bahia\/","og_site_name":"Viramundo","article_modified_time":"2013-04-19T21:44:25+00:00","twitter_card":"summary_large_image","twitter_misc":{"Est. reading time":"1 minute"},"schema":{"@context":"https:\/\/schema.org","@graph":[{"@type":"WebPage","@id":"https:\/\/www.viramundo-film.com\/en\/film\/in-brazil-bahia\/","url":"https:\/\/www.viramundo-film.com\/en\/film\/in-brazil-bahia\/","name":"In Brazil, Bahia - Viramundo","isPartOf":{"@id":"https:\/\/www.viramundo-film.com\/en\/#website"},"datePublished":"2013-04-12T12:32:36+00:00","dateModified":"2013-04-19T21:44:25+00:00","breadcrumb":{"@id":"https:\/\/www.viramundo-film.com\/en\/film\/in-brazil-bahia\/#breadcrumb"},"inLanguage":"en-US","potentialAction":[{"@type":"ReadAction","target":["https:\/\/www.viramundo-film.com\/en\/film\/in-brazil-bahia\/"]}]},{"@type":"BreadcrumbList","@id":"https:\/\/www.viramundo-film.com\/en\/film\/in-brazil-bahia\/#breadcrumb","itemListElement":[{"@type":"ListItem","position":1,"name":"Accueil","item":"https:\/\/www.viramundo-film.com\/en\/"},{"@type":"ListItem","position":2,"name":"Film","item":"https:\/\/www.viramundo-film.com\/en\/film\/"},{"@type":"ListItem","position":3,"name":"In Brazil, Bahia"}]},{"@type":"WebSite","@id":"https:\/\/www.viramundo-film.com\/en\/#website","url":"https:\/\/www.viramundo-film.com\/en\/","name":"Viramundo","description":"&quot;A musical journey with Gilberto Gil&quot;","potentialAction":[{"@type":"SearchAction","target":{"@type":"EntryPoint","urlTemplate":"https:\/\/www.viramundo-film.com\/en\/?s={search_term_string}"},"query-input":{"@type":"PropertyValueSpecification","valueRequired":true,"valueName":"search_term_string"}}],"inLanguage":"en-US"}]}},"_links":{"self":[{"href":"https:\/\/www.viramundo-film.com\/en\/wp-json\/wp\/v2\/pages\/172","targetHints":{"allow":["GET"]}}],"collection":[{"href":"https:\/\/www.viramundo-film.com\/en\/wp-json\/wp\/v2\/pages"}],"about":[{"href":"https:\/\/www.viramundo-film.com\/en\/wp-json\/wp\/v2\/types\/page"}],"author":[{"embeddable":true,"href":"https:\/\/www.viramundo-film.com\/en\/wp-json\/wp\/v2\/users\/1"}],"replies":[{"embeddable":true,"href":"https:\/\/www.viramundo-film.com\/en\/wp-json\/wp\/v2\/comments?post=172"}],"version-history":[{"count":0,"href":"https:\/\/www.viramundo-film.com\/en\/wp-json\/wp\/v2\/pages\/172\/revisions"}],"up":[{"embeddable":true,"href":"https:\/\/www.viramundo-film.com\/en\/wp-json\/wp\/v2\/pages\/25"}],"wp:attachment":[{"href":"https:\/\/www.viramundo-film.com\/en\/wp-json\/wp\/v2\/media?parent=172"}],"curies":[{"name":"wp","href":"https:\/\/api.w.org\/{rel}","templated":true}]}}