{"id":234,"date":"2013-04-12T13:35:09","date_gmt":"2013-04-12T12:35:09","guid":{"rendered":"http:\/\/www.viramundo-film.com\/film\/le-realisateur\/"},"modified":"2013-04-20T01:24:42","modified_gmt":"2013-04-20T00:24:42","slug":"le-realisateur","status":"publish","type":"page","link":"https:\/\/www.viramundo-film.com\/en\/film\/le-realisateur\/","title":{"rendered":"Le r\u00e9alisateur"},"content":{"rendered":"<p>Pierre-Yves Borgeaud est n\u00e9 en 1963 \u00e0 Monthey, en Suisse. En parall\u00e8le \u00e0 ses \u00e9tudes de Lettres dans les ann\u00e9es 80 (m\u00e9moire de licence sur <i>Le jazz dans le roman<\/i>), il travaille \u00e0 la Cin\u00e9math\u00e8que Suisse o\u00f9 il d\u00e9vore les classiques du cin\u00e9ma. Il tourne en autodidacte des films Super-8 avant d\u2019\u00e9crire et de r\u00e9aliser en 1989 <i>Encore une histoire d&#8217;amour<\/i>, son premier court-m\u00e9trage 16mm qui est s\u00e9lectionn\u00e9 au Festival du Film de Locarno et dont les droits sont achet\u00e9s par la Sept\/Arte.<\/p>\n<p>D\u00e8s 1986, il est journaliste ind\u00e9pendant, chroniqueur jazz, cin\u00e9ma &amp; TV pour diff\u00e9rents m\u00e9dias. Il est aussi batteur et producteur, notamment avec le groupe <i>Urgent Feel<\/i>\u00a0 qui sort trois albums CD et se produit fr\u00e9quemment en Suisse et hors des fronti\u00e8res.<\/p>\n<p>D\u00e8s 1996, Borgeaud se consacre pleinement \u00e0 la r\u00e9alisation. Il s\u00e9journe aux \u00c9tats-Unis o\u00f9 il obtient un Certificat de la New York University, dept. of Film, Video &amp; Broadcasting. En 1997, il encha\u00eene les tournages et suit l&#8217;atelier d&#8217;installation vid\u00e9o au Film\/Video Arts de New York. D\u00e8s 1998, il collabore avec la maison de disques allemande ECM, r\u00e9alisant diff\u00e9rents clips et documentaires. Il devient aussi l\u2019un des pionniers suisses du VJing &#8211; mixage live de ses propres images vid\u00e9o &#8211; se produisant sur sc\u00e8ne avec des musiciens comme Pierre Aud\u00e9tat, Christy Doran, Nils Petter Molvaer, Stimmhorn ou Don Li.<\/p>\n<p>R\u00e9alisateur et artiste vid\u00e9aste, souvent cam\u00e9raman et monteur, Pierre-Yves Borgeaud fonde Momentum Production pour d\u00e9velopper et produire ses propres projets. Il r\u00e9alise plusieurs documentaires musicaux (<i>Music Hotel<\/i>, <i>Swiss Jam<\/i>,\u00a0<i>Inland<\/i>) et re\u00e7oit en 2000 le Prix Jeunes Cr\u00e9ateurs Vid\u00e9o d\u00e9cern\u00e9 par la Fondation Vaudoise pour la Promotion et la Cr\u00e9ation Artistique.<\/p>\n<p>En 2003, son premier long-m\u00e9trage de fiction \u00a0<i>iXi\u00e8me\u00a0: journal d\u2019un prisonnier<\/i> obtient le L\u00e9opard d&#8217;Or Vid\u00e9o au Festival du film de Locarno, et son projet <i>Interface<\/i> est nomin\u00e9 au Prix du Cin\u00e9ma Suisse 2004. Apr\u00e8s la r\u00e9alisation d\u2019un film avec les fr\u00e8res Muthspiel (<i>Family Music<\/i>), il sort en 2007 le double-DVD de <i>iXi\u00e8me<\/i> qui propose notamment une premi\u00e8re mondiale avec le film pr\u00e9sent\u00e9 en versions interactive et al\u00e9atoire.<\/p>\n<p>En 2007 sort \u00e9galement le long-m\u00e9trage <i>Retour \u00e0 Gor\u00e9e<\/i>, dans lequel Borgeaud remonte avec le chanteur s\u00e9n\u00e9galais Youssou N\u2019Dour sur les chemins du jazz et de l\u2019esclavage. Grand succ\u00e8s critique et nombreux prix internationaux dont Prix SSA\/Suissimage du Meilleur documentaire suisse de cr\u00e9ation au Festival Visions du R\u00e9el \u00e0 Nyon, Prix du public au Festival du Cin\u00e9ma Europ\u00e9en Cin\u00e9ssone (France) ou encore Meilleur Documentaire au 16th Festival Pan African Film Festival \u00e0 Los Angeles en 2008. <i>Retour \u00e0 Gor\u00e9e<\/i> est distribu\u00e9 internationalement en France, Grande-Bretagne, Irlande, Allemagne, B\u00e9n\u00e9lux, aux Etats-Unis et au Japon.<\/p>\n","protected":false},"excerpt":{"rendered":"<p>Pierre-Yves Borgeaud est n\u00e9 en 1963 \u00e0 Monthey, en Suisse. En parall\u00e8le \u00e0 ses \u00e9tudes de Lettres dans les ann\u00e9es 80 (m\u00e9moire de licence sur Le jazz dans le roman), il travaille \u00e0 la Cin\u00e9math\u00e8que Suisse o\u00f9 il d\u00e9vore les classiques du cin\u00e9ma. Il tourne en autodidacte des films Super-8 avant d\u2019\u00e9crire et de r\u00e9aliser [&hellip;]<\/p>\n","protected":false},"author":1,"featured_media":0,"parent":25,"menu_order":6,"comment_status":"closed","ping_status":"closed","template":"","meta":{"_acf_changed":false,"_exactmetrics_skip_tracking":false,"_exactmetrics_sitenote_active":false,"_exactmetrics_sitenote_note":"","_exactmetrics_sitenote_category":0,"footnotes":""},"class_list":["post-234","page","type-page","status-publish","hentry"],"acf":[],"yoast_head":"<!-- This site is optimized with the Yoast SEO plugin v24.9 - https:\/\/yoast.com\/wordpress\/plugins\/seo\/ -->\n<title>Le r\u00e9alisateur - Viramundo<\/title>\n<meta name=\"robots\" content=\"index, follow, max-snippet:-1, max-image-preview:large, max-video-preview:-1\" \/>\n<link rel=\"canonical\" href=\"https:\/\/www.viramundo-film.com\/en\/film\/le-realisateur\/\" \/>\n<meta property=\"og:locale\" content=\"en_US\" \/>\n<meta property=\"og:type\" content=\"article\" \/>\n<meta property=\"og:title\" content=\"Le r\u00e9alisateur - Viramundo\" \/>\n<meta property=\"og:description\" content=\"Pierre-Yves Borgeaud est n\u00e9 en 1963 \u00e0 Monthey, en Suisse. En parall\u00e8le \u00e0 ses \u00e9tudes de Lettres dans les ann\u00e9es 80 (m\u00e9moire de licence sur Le jazz dans le roman), il travaille \u00e0 la Cin\u00e9math\u00e8que Suisse o\u00f9 il d\u00e9vore les classiques du cin\u00e9ma. Il tourne en autodidacte des films Super-8 avant d\u2019\u00e9crire et de r\u00e9aliser [&hellip;]\" \/>\n<meta property=\"og:url\" content=\"https:\/\/www.viramundo-film.com\/en\/film\/le-realisateur\/\" \/>\n<meta property=\"og:site_name\" content=\"Viramundo\" \/>\n<meta property=\"article:modified_time\" content=\"2013-04-20T00:24:42+00:00\" \/>\n<meta name=\"twitter:card\" content=\"summary_large_image\" \/>\n<meta name=\"twitter:label1\" content=\"Est. reading time\" \/>\n\t<meta name=\"twitter:data1\" content=\"2 minutes\" \/>\n<script type=\"application\/ld+json\" class=\"yoast-schema-graph\">{\"@context\":\"https:\/\/schema.org\",\"@graph\":[{\"@type\":\"WebPage\",\"@id\":\"https:\/\/www.viramundo-film.com\/en\/film\/le-realisateur\/\",\"url\":\"https:\/\/www.viramundo-film.com\/en\/film\/le-realisateur\/\",\"name\":\"Le r\u00e9alisateur - Viramundo\",\"isPartOf\":{\"@id\":\"https:\/\/www.viramundo-film.com\/en\/#website\"},\"datePublished\":\"2013-04-12T12:35:09+00:00\",\"dateModified\":\"2013-04-20T00:24:42+00:00\",\"breadcrumb\":{\"@id\":\"https:\/\/www.viramundo-film.com\/en\/film\/le-realisateur\/#breadcrumb\"},\"inLanguage\":\"en-US\",\"potentialAction\":[{\"@type\":\"ReadAction\",\"target\":[\"https:\/\/www.viramundo-film.com\/en\/film\/le-realisateur\/\"]}]},{\"@type\":\"BreadcrumbList\",\"@id\":\"https:\/\/www.viramundo-film.com\/en\/film\/le-realisateur\/#breadcrumb\",\"itemListElement\":[{\"@type\":\"ListItem\",\"position\":1,\"name\":\"Accueil\",\"item\":\"https:\/\/www.viramundo-film.com\/en\/\"},{\"@type\":\"ListItem\",\"position\":2,\"name\":\"Film\",\"item\":\"https:\/\/www.viramundo-film.com\/en\/film\/\"},{\"@type\":\"ListItem\",\"position\":3,\"name\":\"Le r\u00e9alisateur\"}]},{\"@type\":\"WebSite\",\"@id\":\"https:\/\/www.viramundo-film.com\/en\/#website\",\"url\":\"https:\/\/www.viramundo-film.com\/en\/\",\"name\":\"Viramundo\",\"description\":\"&quot;A musical journey with Gilberto Gil&quot;\",\"potentialAction\":[{\"@type\":\"SearchAction\",\"target\":{\"@type\":\"EntryPoint\",\"urlTemplate\":\"https:\/\/www.viramundo-film.com\/en\/?s={search_term_string}\"},\"query-input\":{\"@type\":\"PropertyValueSpecification\",\"valueRequired\":true,\"valueName\":\"search_term_string\"}}],\"inLanguage\":\"en-US\"}]}<\/script>\n<!-- \/ Yoast SEO plugin. -->","yoast_head_json":{"title":"Le r\u00e9alisateur - Viramundo","robots":{"index":"index","follow":"follow","max-snippet":"max-snippet:-1","max-image-preview":"max-image-preview:large","max-video-preview":"max-video-preview:-1"},"canonical":"https:\/\/www.viramundo-film.com\/en\/film\/le-realisateur\/","og_locale":"en_US","og_type":"article","og_title":"Le r\u00e9alisateur - Viramundo","og_description":"Pierre-Yves Borgeaud est n\u00e9 en 1963 \u00e0 Monthey, en Suisse. En parall\u00e8le \u00e0 ses \u00e9tudes de Lettres dans les ann\u00e9es 80 (m\u00e9moire de licence sur Le jazz dans le roman), il travaille \u00e0 la Cin\u00e9math\u00e8que Suisse o\u00f9 il d\u00e9vore les classiques du cin\u00e9ma. Il tourne en autodidacte des films Super-8 avant d\u2019\u00e9crire et de r\u00e9aliser [&hellip;]","og_url":"https:\/\/www.viramundo-film.com\/en\/film\/le-realisateur\/","og_site_name":"Viramundo","article_modified_time":"2013-04-20T00:24:42+00:00","twitter_card":"summary_large_image","twitter_misc":{"Est. reading time":"2 minutes"},"schema":{"@context":"https:\/\/schema.org","@graph":[{"@type":"WebPage","@id":"https:\/\/www.viramundo-film.com\/en\/film\/le-realisateur\/","url":"https:\/\/www.viramundo-film.com\/en\/film\/le-realisateur\/","name":"Le r\u00e9alisateur - Viramundo","isPartOf":{"@id":"https:\/\/www.viramundo-film.com\/en\/#website"},"datePublished":"2013-04-12T12:35:09+00:00","dateModified":"2013-04-20T00:24:42+00:00","breadcrumb":{"@id":"https:\/\/www.viramundo-film.com\/en\/film\/le-realisateur\/#breadcrumb"},"inLanguage":"en-US","potentialAction":[{"@type":"ReadAction","target":["https:\/\/www.viramundo-film.com\/en\/film\/le-realisateur\/"]}]},{"@type":"BreadcrumbList","@id":"https:\/\/www.viramundo-film.com\/en\/film\/le-realisateur\/#breadcrumb","itemListElement":[{"@type":"ListItem","position":1,"name":"Accueil","item":"https:\/\/www.viramundo-film.com\/en\/"},{"@type":"ListItem","position":2,"name":"Film","item":"https:\/\/www.viramundo-film.com\/en\/film\/"},{"@type":"ListItem","position":3,"name":"Le r\u00e9alisateur"}]},{"@type":"WebSite","@id":"https:\/\/www.viramundo-film.com\/en\/#website","url":"https:\/\/www.viramundo-film.com\/en\/","name":"Viramundo","description":"&quot;A musical journey with Gilberto Gil&quot;","potentialAction":[{"@type":"SearchAction","target":{"@type":"EntryPoint","urlTemplate":"https:\/\/www.viramundo-film.com\/en\/?s={search_term_string}"},"query-input":{"@type":"PropertyValueSpecification","valueRequired":true,"valueName":"search_term_string"}}],"inLanguage":"en-US"}]}},"_links":{"self":[{"href":"https:\/\/www.viramundo-film.com\/en\/wp-json\/wp\/v2\/pages\/234","targetHints":{"allow":["GET"]}}],"collection":[{"href":"https:\/\/www.viramundo-film.com\/en\/wp-json\/wp\/v2\/pages"}],"about":[{"href":"https:\/\/www.viramundo-film.com\/en\/wp-json\/wp\/v2\/types\/page"}],"author":[{"embeddable":true,"href":"https:\/\/www.viramundo-film.com\/en\/wp-json\/wp\/v2\/users\/1"}],"replies":[{"embeddable":true,"href":"https:\/\/www.viramundo-film.com\/en\/wp-json\/wp\/v2\/comments?post=234"}],"version-history":[{"count":0,"href":"https:\/\/www.viramundo-film.com\/en\/wp-json\/wp\/v2\/pages\/234\/revisions"}],"up":[{"embeddable":true,"href":"https:\/\/www.viramundo-film.com\/en\/wp-json\/wp\/v2\/pages\/25"}],"wp:attachment":[{"href":"https:\/\/www.viramundo-film.com\/en\/wp-json\/wp\/v2\/media?parent=234"}],"curies":[{"name":"wp","href":"https:\/\/api.w.org\/{rel}","templated":true}]}}